{"id":3,"date":"2026-02-04T17:38:38","date_gmt":"2026-02-04T17:38:38","guid":{"rendered":"https:\/\/apogeo.gohighascend.com\/?page_id=3"},"modified":"2026-02-23T15:51:29","modified_gmt":"2026-02-23T20:51:29","slug":"privacy-policy","status":"publish","type":"page","link":"https:\/\/apogeo.gohighascend.com\/en\/privacy-policy\/","title":{"rendered":"Pol\u00edtica de privacidad"},"content":{"rendered":"<h2 data-start=\"229\" data-end=\"253\"><span style=\"color: #000000;\">Inmobiliaria Apogeo<\/span><\/h2>\n<p data-start=\"255\" data-end=\"288\"><span style=\"color: #000000;\"><strong data-start=\"255\" data-end=\"280\">\u00daltima actualizaci\u00f3n:<\/strong> 23\/02\/2026<\/span><\/p>\n<p data-start=\"290\" data-end=\"583\"><span style=\"color: #000000;\">En <strong data-start=\"313\" data-end=\"336\">Inmobiliaria Apogeo<\/strong> (en adelante, \u201cApogeo\u201d o \u201cla Empresa\u201d), nos comprometemos a proteger la confidencialidad y seguridad de los datos personales de nuestros clientes, usuarios y proveedores, en cumplimiento de la Ley N\u00b0 29733 \u2013 Ley de Protecci\u00f3n de Datos Personales y su normativa complementaria.<\/span><\/p>\n<h2 data-start=\"620\" data-end=\"678\"><span style=\"color: #000000;\">1. Identidad y Domicilio del Titular del Banco de Datos<\/span><\/h2>\n<p data-start=\"680\" data-end=\"848\"><span style=\"color: #000000;\"><strong data-start=\"680\" data-end=\"711\">Titular del banco de datos:<\/strong> Inmobiliaria Apogeo<\/span><br data-start=\"731\" data-end=\"734\" \/><span style=\"color: #000000;\">Domicilio: Calle Diego Ferr\u00e9 123 Of. 301 &#8211; Miraflores, Lima.<\/span><br data-start=\"773\" data-end=\"776\" \/><span style=\"color: #000000;\">Correo electr\u00f3nico: info@apogeoinmobiliaria.com<\/span><br data-start=\"815\" data-end=\"818\" \/><span style=\"color: #000000;\">Tel\u00e9fono: +51 950 168 405<\/span><\/p>\n<p data-start=\"850\" data-end=\"1059\"><span style=\"color: #000000;\">Los datos personales recopilados ser\u00e1n almacenados en bancos de datos personales de titularidad de Apogeo, debidamente inscritos ante la Autoridad Nacional de Protecci\u00f3n de Datos Personales cuando corresponda.<\/span><\/p>\n<h2 data-start=\"1066\" data-end=\"1104\"><span style=\"color: #000000;\">2. Datos Personales que Recopilamos<\/span><\/h2>\n<p data-start=\"1106\" data-end=\"1145\"><span style=\"color: #000000;\">Podemos recopilar los siguientes datos:<\/span><\/p>\n<h3 data-start=\"1147\" data-end=\"1177\"><span style=\"color: #000000;\">a) Datos de identificaci\u00f3n<\/span><\/h3>\n<ul data-start=\"1178\" data-end=\"1283\">\n<li data-start=\"1178\" data-end=\"1200\">\n<p data-start=\"1180\" data-end=\"1200\"><span style=\"color: #000000;\">Nombre y apellidos<\/span><\/p>\n<\/li>\n<li data-start=\"1201\" data-end=\"1247\">\n<p data-start=\"1203\" data-end=\"1247\"><span style=\"color: #000000;\">Documento Nacional de Identidad (DNI) o CE<\/span><\/p>\n<\/li>\n<li data-start=\"1248\" data-end=\"1260\">\n<p data-start=\"1250\" data-end=\"1260\"><span style=\"color: #000000;\">Tel\u00e9fono<\/span><\/p>\n<\/li>\n<li data-start=\"1261\" data-end=\"1283\">\n<p data-start=\"1263\" data-end=\"1283\"><span style=\"color: #000000;\">Correo electr\u00f3nico<\/span><\/p>\n<\/li>\n<\/ul>\n<h3 data-start=\"1285\" data-end=\"1326\"><span style=\"color: #000000;\">b) Datos financieros (cuando aplique)<\/span><\/h3>\n<ul data-start=\"1327\" data-end=\"1427\">\n<li data-start=\"1327\" data-end=\"1353\">\n<p data-start=\"1329\" data-end=\"1353\"><span style=\"color: #000000;\">Informaci\u00f3n crediticia<\/span><\/p>\n<\/li>\n<li data-start=\"1354\" data-end=\"1377\">\n<p data-start=\"1356\" data-end=\"1377\"><span style=\"color: #000000;\">Ingresos declarados<\/span><\/p>\n<\/li>\n<li data-start=\"1378\" data-end=\"1427\">\n<p data-start=\"1380\" data-end=\"1427\"><span style=\"color: #000000;\">Datos necesarios para evaluaci\u00f3n inmobiliaria<\/span><\/p>\n<\/li>\n<\/ul>\n<h3 data-start=\"1429\" data-end=\"1455\"><span style=\"color: #000000;\">c) Datos de navegaci\u00f3n<\/span><\/h3>\n<ul data-start=\"1456\" data-end=\"1516\">\n<li data-start=\"1456\" data-end=\"1472\">\n<p data-start=\"1458\" data-end=\"1472\"><span style=\"color: #000000;\">Direcci\u00f3n IP<\/span><\/p>\n<\/li>\n<li data-start=\"1473\" data-end=\"1504\">\n<p data-start=\"1475\" data-end=\"1504\"><span style=\"color: #000000;\">Informaci\u00f3n del dispositivo<\/span><\/p>\n<\/li>\n<li data-start=\"1505\" data-end=\"1516\">\n<p data-start=\"1507\" data-end=\"1516\"><span style=\"color: #000000;\">Cookies<\/span><\/p>\n<\/li>\n<\/ul>\n<h2 data-start=\"1523\" data-end=\"1556\"><span style=\"color: #000000;\">3. Finalidades del Tratamiento<\/span><\/h2>\n<p data-start=\"1558\" data-end=\"1601\"><span style=\"color: #000000;\">Sus datos personales ser\u00e1n utilizados para:<\/span><\/p>\n<ul data-start=\"1603\" data-end=\"1897\">\n<li data-start=\"1603\" data-end=\"1653\">\n<p data-start=\"1605\" data-end=\"1653\"><span style=\"color: #000000;\">Atender consultas y solicitudes inmobiliarias.<\/span><\/p>\n<\/li>\n<li data-start=\"1654\" data-end=\"1710\">\n<p data-start=\"1656\" data-end=\"1710\"><span style=\"color: #000000;\">Gestionar procesos de compra, venta o arrendamiento.<\/span><\/p>\n<\/li>\n<li data-start=\"1711\" data-end=\"1775\">\n<p data-start=\"1713\" data-end=\"1775\"><span style=\"color: #000000;\">Evaluar capacidad financiera para operaciones inmobiliarias.<\/span><\/p>\n<\/li>\n<li data-start=\"1776\" data-end=\"1847\">\n<p data-start=\"1778\" data-end=\"1847\"><span style=\"color: #000000;\">Enviar informaci\u00f3n comercial y promociones (previo consentimiento).<\/span><\/p>\n<\/li>\n<li data-start=\"1848\" data-end=\"1897\">\n<p data-start=\"1850\" data-end=\"1897\"><span style=\"color: #000000;\">Cumplir obligaciones legales y contractuales.<\/span><\/p>\n<\/li>\n<\/ul>\n<h2 data-start=\"1904\" data-end=\"1924\"><span style=\"color: #000000;\">4. Consentimiento<\/span><\/h2>\n<p data-start=\"1926\" data-end=\"2126\"><span style=\"color: #000000;\">El usuario otorga su consentimiento libre, previo, expreso, informado e inequ\u00edvoco para el tratamiento de sus datos personales al marcar las casillas correspondientes en los formularios del sitio web.<\/span><\/p>\n<p data-start=\"2128\" data-end=\"2227\"><span style=\"color: #000000;\">En caso de datos sensibles, se solicitar\u00e1 consentimiento expreso por separado cuando sea necesario.<\/span><\/p>\n<h2 data-start=\"2234\" data-end=\"2281\"><span style=\"color: #000000;\">5. Transferencia y Encargados de Tratamiento<\/span><\/h2>\n<p data-start=\"2283\" data-end=\"2338\"><span style=\"color: #000000;\">Apogeo podr\u00e1 compartir datos personales \u00fanicamente con:<\/span><\/p>\n<ul data-start=\"2340\" data-end=\"2560\">\n<li data-start=\"2340\" data-end=\"2417\">\n<p data-start=\"2342\" data-end=\"2417\"><span style=\"color: #000000;\">Proveedores de servicios tecnol\u00f3gicos (hosting, CRM, correo corporativo).<\/span><\/p>\n<\/li>\n<li data-start=\"2418\" data-end=\"2483\">\n<p data-start=\"2420\" data-end=\"2483\"><span style=\"color: #000000;\">Entidades financieras vinculadas a operaciones inmobiliarias.<\/span><\/p>\n<\/li>\n<li data-start=\"2484\" data-end=\"2560\">\n<p data-start=\"2486\" data-end=\"2560\"><span style=\"color: #000000;\">Notar\u00edas, estudios jur\u00eddicos o autoridades cuando sea requerido por ley.<\/span><\/p>\n<\/li>\n<\/ul>\n<p data-start=\"2562\" data-end=\"2674\"><span style=\"color: #000000;\">En caso de transferencia internacional de datos, se garantizar\u00e1 el cumplimiento de la normativa peruana vigente.<\/span><\/p>\n<h2 data-start=\"2681\" data-end=\"2708\"><span style=\"color: #000000;\">6. Plazo de Conservaci\u00f3n<\/span><\/h2>\n<p data-start=\"2710\" data-end=\"2921\"><span style=\"color: #000000;\">Los datos ser\u00e1n conservados durante el tiempo necesario para cumplir con la finalidad para la cual fueron recopilados o mientras exista relaci\u00f3n contractual, y posteriormente durante los plazos legales exigidos.<\/span><\/p>\n<h2 data-start=\"2928\" data-end=\"2947\"><span style=\"color: #000000;\">7. Derechos ARCO<\/span><\/h2>\n<p data-start=\"2949\" data-end=\"3003\"><span style=\"color: #000000;\">El titular de los datos puede ejercer sus derechos de:<\/span><\/p>\n<ul data-start=\"3005\" data-end=\"3077\">\n<li data-start=\"3005\" data-end=\"3019\">\n<p data-start=\"3007\" data-end=\"3019\"><span style=\"color: #000000;\"><strong data-start=\"3007\" data-end=\"3017\">Acceso<\/strong><\/span><\/p>\n<\/li>\n<li data-start=\"3020\" data-end=\"3041\">\n<p data-start=\"3022\" data-end=\"3041\"><span style=\"color: #000000;\"><strong data-start=\"3022\" data-end=\"3039\">Rectificaci\u00f3n<\/strong><\/span><\/p>\n<\/li>\n<li data-start=\"3042\" data-end=\"3061\">\n<p data-start=\"3044\" data-end=\"3061\"><span style=\"color: #000000;\"><strong data-start=\"3044\" data-end=\"3059\">Cancelaci\u00f3n<\/strong><\/span><\/p>\n<\/li>\n<li data-start=\"3062\" data-end=\"3077\">\n<p data-start=\"3064\" data-end=\"3077\"><span style=\"color: #000000;\"><strong data-start=\"3064\" data-end=\"3077\">Oposici\u00f3n<\/strong><\/span><\/p>\n<\/li>\n<\/ul>\n<p data-start=\"3079\" data-end=\"3235\"><span style=\"color: #000000;\">Para ejercerlos, deber\u00e1 enviar una solicitud al correo: info@apogeoinmobiliaria.com, adjuntando copia de su DNI e indicando claramente el derecho que desea ejercer.<\/span><\/p>\n<p data-start=\"3237\" data-end=\"3318\"><span style=\"color: #000000;\">La solicitud ser\u00e1 atendida dentro de los plazos establecidos por la Ley N\u00b0 29733.<\/span><\/p>\n<h2 data-start=\"3325\" data-end=\"3351\"><span style=\"color: #000000;\">8. Medidas de Seguridad<\/span><\/h2>\n<p data-start=\"3353\" data-end=\"3577\"><span style=\"color: #000000;\">Inmobiliaria Apogeo adopta las medidas t\u00e9cnicas, organizativas y legales necesarias para garantizar la seguridad y confidencialidad de los datos personales y evitar su alteraci\u00f3n, p\u00e9rdida, tratamiento o acceso no autorizado.<\/span><\/p>\n<h2 data-start=\"3584\" data-end=\"3604\"><span style=\"color: #000000;\">9. Uso de Cookies<\/span><\/h2>\n<p data-start=\"3606\" data-end=\"3844\"><span style=\"color: #000000;\">El sitio web puede utilizar cookies para mejorar la experiencia del usuario y analizar el tr\u00e1fico web. El usuario puede configurar su navegador para rechazar el uso de cookies; sin embargo, esto podr\u00eda afectar el funcionamiento del sitio.<\/span><\/p>\n<h2 data-start=\"3851\" data-end=\"3872\"><span style=\"color: #000000;\">10. Modificaciones<\/span><\/h2>\n<p data-start=\"3874\" data-end=\"4076\"><span style=\"color: #000000;\">Apogeo se reserva el derecho de modificar la presente Pol\u00edtica de Privacidad para adaptarla a cambios legislativos o mejoras en sus procesos internos. Las modificaciones ser\u00e1n publicadas en esta p\u00e1gina.<\/span><\/p>\n<h2 data-start=\"4083\" data-end=\"4110\"><span style=\"color: #000000;\">11. Autoridad Competente<\/span><\/h2>\n<p data-start=\"4112\" data-end=\"4322\"><span style=\"color: #000000;\">Si el usuario considera que sus derechos han sido vulnerados, puede presentar una reclamaci\u00f3n ante la Autoridad Nacional de Protecci\u00f3n de Datos Personales del Ministerio de Justicia y Derechos Humanos del Per\u00fa.<\/span><\/p>","protected":false},"excerpt":{"rendered":"<p>Inmobiliaria Apogeo \u00daltima actualizaci\u00f3n: 23\/02\/2026 En Inmobiliaria Apogeo (en adelante, \u201cApogeo\u201d o \u201cla Empresa\u201d), nos comprometemos a proteger la confidencialidad y seguridad de los datos personales de nuestros clientes, usuarios y proveedores, en cumplimiento de la Ley N\u00b0 29733 \u2013 Ley de Protecci\u00f3n de Datos Personales y su normativa complementaria. 1. Identidad y Domicilio del Titular del Banco de Datos Titular del banco de &#8230;<\/p>","protected":false},"author":1,"featured_media":0,"parent":0,"menu_order":0,"comment_status":"closed","ping_status":"open","template":"","meta":{"footnotes":""},"class_list":["post-3","page","type-page","status-publish","hentry"],"_hostinger_reach_plugin_has_subscription_block":false,"_hostinger_reach_plugin_is_elementor":false,"_links":{"self":[{"href":"https:\/\/apogeo.gohighascend.com\/en\/wp-json\/wp\/v2\/pages\/3","targetHints":{"allow":["GET"]}}],"collection":[{"href":"https:\/\/apogeo.gohighascend.com\/en\/wp-json\/wp\/v2\/pages"}],"about":[{"href":"https:\/\/apogeo.gohighascend.com\/en\/wp-json\/wp\/v2\/types\/page"}],"author":[{"embeddable":true,"href":"https:\/\/apogeo.gohighascend.com\/en\/wp-json\/wp\/v2\/users\/1"}],"replies":[{"embeddable":true,"href":"https:\/\/apogeo.gohighascend.com\/en\/wp-json\/wp\/v2\/comments?post=3"}],"version-history":[{"count":7,"href":"https:\/\/apogeo.gohighascend.com\/en\/wp-json\/wp\/v2\/pages\/3\/revisions"}],"predecessor-version":[{"id":19479,"href":"https:\/\/apogeo.gohighascend.com\/en\/wp-json\/wp\/v2\/pages\/3\/revisions\/19479"}],"wp:attachment":[{"href":"https:\/\/apogeo.gohighascend.com\/en\/wp-json\/wp\/v2\/media?parent=3"}],"curies":[{"name":"wp","href":"https:\/\/api.w.org\/{rel}","templated":true}]}}