{"id":19150,"date":"2026-02-06T06:00:10","date_gmt":"2026-02-06T06:00:10","guid":{"rendered":"https:\/\/apogeo.gohighascend.com\/?page_id=19150"},"modified":"2026-02-11T14:17:17","modified_gmt":"2026-02-11T19:17:17","slug":"servicios","status":"publish","type":"page","link":"https:\/\/apogeo.gohighascend.com\/en\/servicios\/","title":{"rendered":"Servicios"},"content":{"rendered":"<div class=\"wpb-content-wrapper\"><div data-vc-full-width=\"true\" data-vc-full-width-init=\"false\" class=\"vc_row wpb_row vc_row-fluid vc_custom_1770358084452 vc_row-has-fill vc_row\"><div class=\"wpb_column vc_column_container vc_col-sm-12 vc_column\"><div class=\"vc_column-inner\"><div class=\"wpb_wrapper\">\n\t<div class=\"wpb_text_column wpb_content_element wpb_animate_when_almost_visible wpb_bottom-to-top bottom-to-top vc_custom_1770359699245 vc_column_text\" >\n\t\t<div class=\"wpb_wrapper\">\n\t\t\t<h2 style=\"font-weight: bold; color: #31312c; text-align: center;\"><span style=\"font-size: 50px; font-weight: 300; letter-spacing: -2px; color: #000000;\">Nuestros <\/span><span style=\"font-size: 50px; font-weight: bold; letter-spacing: -2px; color: #ec2d25;\">Servicios<\/span><\/h2>\n<p>&nbsp;<\/p>\n<p style=\"text-align: justify;\"><span style=\"color: #000000; font-size: 14pt;\">Ofrecemos soluciones inmobiliarias completas, dise\u00f1adas para acompa\u00f1arte en cada etapa del proceso. Nuestro enfoque integral combina experiencia, asesor\u00eda especializada y atenci\u00f3n personalizada, garantizando una gesti\u00f3n eficiente, segura y transparente.<\/span><\/p>\n<p style=\"text-align: justify;\"><br data-start=\"485\" data-end=\"488\" \/><span style=\"color: #000000; font-size: 14pt;\">M\u00e1s que servicios, construimos relaciones de confianza para ayudarte a tomar decisiones acertadas y alcanzar tus objetivos inmobiliarios con tranquilidad y respaldo profesional.<\/span><\/p>\n\n\t\t<\/div>\n\t<\/div>\n<div class=\"vc_row wpb_row vc_inner vc_row-fluid vc_custom_1770358865212 vc_row-has-fill vc_column-gap-2 vc_row-o-equal-height vc_row-o-content-middle vc_row-flex vc_row_inner\"><div class=\"wpb_column vc_column_container vc_col-sm-4 vc_column_inner\"><div class=\"vc_column-inner\"><div class=\"wpb_wrapper\">\n\t<div  class=\"wpb_single_image wpb_content_element vc_align_center wpb_content_element vc_single_image\">\n\t\t\n\t\t<figure class=\"wpb_wrapper vc_figure\">\n\t\t\t<div class=\"vc_single_image-wrapper vc_box_rounded  vc_box_border_grey\"><img decoding=\"async\" class=\"vc_single_image-img\" src=\"https:\/\/apogeo.gohighascend.com\/wp-content\/uploads\/2026\/02\/15024-300x300.jpg\" width=\"300\" height=\"300\" alt=\"15024\" title=\"15024\" loading=\"lazy\" \/><\/div>\n\t\t<\/figure>\n\t<\/div>\n\n\t<div class=\"wpb_text_column wpb_content_element vc_column_text\" >\n\t\t<div class=\"wpb_wrapper\">\n\t\t\t<p style=\"text-align: center;\"><span style=\"color: #000000; font-size: 18pt;\">Venta y alquiler de inmuebles<\/span><\/p>\n\n\t\t<\/div>\n\t<\/div>\n<\/div><\/div><\/div><div class=\"wpb_column vc_column_container vc_col-sm-4 vc_column_inner\"><div class=\"vc_column-inner\"><div class=\"wpb_wrapper\">\n\t<div  class=\"wpb_single_image wpb_content_element vc_align_center wpb_content_element vc_single_image\">\n\t\t\n\t\t<figure class=\"wpb_wrapper vc_figure\">\n\t\t\t<div class=\"vc_single_image-wrapper vc_box_rounded  vc_box_border_grey\"><img decoding=\"async\" class=\"vc_single_image-img\" src=\"https:\/\/apogeo.gohighascend.com\/wp-content\/uploads\/2026\/02\/2150322073-300x300.jpg\" width=\"300\" height=\"300\" alt=\"2150322073\" title=\"2150322073\" loading=\"lazy\" \/><\/div>\n\t\t<\/figure>\n\t<\/div>\n\n\t<div class=\"wpb_text_column wpb_content_element vc_column_text\" >\n\t\t<div class=\"wpb_wrapper\">\n\t\t\t<p style=\"text-align: center;\"><span style=\"font-size: 18pt; color: #000000;\">Administraci\u00f3n de propiedades<\/span><\/p>\n\n\t\t<\/div>\n\t<\/div>\n<\/div><\/div><\/div><div class=\"wpb_column vc_column_container vc_col-sm-4 vc_column_inner\"><div class=\"vc_column-inner\"><div class=\"wpb_wrapper\">\n\t<div  class=\"wpb_single_image wpb_content_element vc_align_center wpb_content_element vc_custom_1770359473354 vc_single_image\">\n\t\t\n\t\t<figure class=\"wpb_wrapper vc_figure\">\n\t\t\t<div class=\"vc_single_image-wrapper vc_box_rounded  vc_box_border_grey\"><img decoding=\"async\" class=\"vc_single_image-img\" src=\"https:\/\/apogeo.gohighascend.com\/wp-content\/uploads\/2026\/02\/2147702492-300x300.jpg\" width=\"300\" height=\"300\" alt=\"2147702492\" title=\"2147702492\" loading=\"lazy\" \/><\/div>\n\t\t<\/figure>\n\t<\/div>\n\n\t<div class=\"wpb_text_column wpb_content_element vc_column_text\" >\n\t\t<div class=\"wpb_wrapper\">\n\t\t\t<p style=\"text-align: center;\"><span style=\"font-size: 20pt;\"><span style=\"color: #000000;\">Obras y asesor\u00eda<\/span><span style=\"color: #000000;\"> hipotecaria<\/span><\/span><\/p>\n\n\t\t<\/div>\n\t<\/div>\n<\/div><\/div><\/div><\/div><\/div><\/div><\/div><div class=\"wpb_column vc_column_container vc_col-sm-12 vc_column\"><div class=\"vc_column-inner\"><div class=\"wpb_wrapper\"><div class=\"vc_btn3-container vc_btn3-center vc_do_btn vc_btn\" ><a style=\"background-color:#EB2D26; color:#FFFFFF;\" class=\"vc_general vc_btn3 vc_btn3-size-md vc_btn3-shape-rounded vc_btn3-style-custom vc_btn\" href=\"https:\/\/apogeo.gohighascend.com\/en\/contacto\/\" title=\"Contacto\">Solicitar asesor\u00eda<\/a><\/div><\/div><\/div><\/div><\/div><div class=\"vc_row-full-width vc_clearfix\"><\/div>\n<\/div>","protected":false},"excerpt":{"rendered":"Nuestros Servicios &nbsp; Ofrecemos soluciones inmobiliarias completas, dise\u00f1adas para acompa\u00f1arte en cada etapa del proceso. Nuestro enfoque integral combina experiencia, asesor\u00eda especializada y atenci\u00f3n personalizada, garantizando una gesti\u00f3n eficiente, segura y transparente. M\u00e1s que servicios, construimos relaciones de confianza para ayudarte a tomar decisiones acertadas y alcanzar tus objetivos inmobiliarios con tranquilidad y respaldo profesional. Venta y alquiler de inmuebles Administraci\u00f3n de propiedades Obras ...","protected":false},"author":1,"featured_media":0,"parent":0,"menu_order":0,"comment_status":"closed","ping_status":"closed","template":"","meta":{"footnotes":""},"class_list":["post-19150","page","type-page","status-publish","hentry"],"_hostinger_reach_plugin_has_subscription_block":false,"_hostinger_reach_plugin_is_elementor":false,"_links":{"self":[{"href":"https:\/\/apogeo.gohighascend.com\/en\/wp-json\/wp\/v2\/pages\/19150","targetHints":{"allow":["GET"]}}],"collection":[{"href":"https:\/\/apogeo.gohighascend.com\/en\/wp-json\/wp\/v2\/pages"}],"about":[{"href":"https:\/\/apogeo.gohighascend.com\/en\/wp-json\/wp\/v2\/types\/page"}],"author":[{"embeddable":true,"href":"https:\/\/apogeo.gohighascend.com\/en\/wp-json\/wp\/v2\/users\/1"}],"replies":[{"embeddable":true,"href":"https:\/\/apogeo.gohighascend.com\/en\/wp-json\/wp\/v2\/comments?post=19150"}],"version-history":[{"count":11,"href":"https:\/\/apogeo.gohighascend.com\/en\/wp-json\/wp\/v2\/pages\/19150\/revisions"}],"predecessor-version":[{"id":19371,"href":"https:\/\/apogeo.gohighascend.com\/en\/wp-json\/wp\/v2\/pages\/19150\/revisions\/19371"}],"wp:attachment":[{"href":"https:\/\/apogeo.gohighascend.com\/en\/wp-json\/wp\/v2\/media?parent=19150"}],"curies":[{"name":"wp","href":"https:\/\/api.w.org\/{rel}","templated":true}]}}